{"id":11,"date":"2023-11-15T06:12:26","date_gmt":"2023-11-15T06:12:26","guid":{"rendered":"https:\/\/blitzz-industriebedarf.de\/?page_id=11"},"modified":"2024-02-26T11:55:36","modified_gmt":"2024-02-26T11:55:36","slug":"home","status":"publish","type":"page","link":"https:\/\/blitzz-industriebedarf.de\/","title":{"rendered":"Home"},"content":{"rendered":"\t\t<div data-elementor-type=\"wp-page\" data-elementor-id=\"11\" class=\"elementor elementor-11\" data-elementor-post-type=\"page\">\n\t\t\t\t<div class=\"elementor-element elementor-element-90f29b6 e-con-full e-flex elementor-invisible e-con e-parent\" data-id=\"90f29b6\" data-element_type=\"container\" data-e-type=\"container\" data-settings=\"{&quot;animation&quot;:&quot;fadeIn&quot;,&quot;background_background&quot;:&quot;classic&quot;}\">\n\t\t<div class=\"elementor-element elementor-element-d358da1 e-con-full e-flex e-con e-child\" data-id=\"d358da1\" data-element_type=\"container\" data-e-type=\"container\" data-settings=\"{&quot;background_background&quot;:&quot;classic&quot;}\">\n\t\t\t\t<\/div>\n\t\t<div class=\"elementor-element elementor-element-6e2e5db e-con-full e-flex e-con e-child\" data-id=\"6e2e5db\" data-element_type=\"container\" data-e-type=\"container\">\n\t\t\t\t<div class=\"elementor-element elementor-element-c174011 elementor-widget elementor-widget-heading\" data-id=\"c174011\" data-element_type=\"widget\" data-e-type=\"widget\" data-widget_type=\"heading.default\">\n\t\t\t\t<div class=\"elementor-widget-container\">\n\t\t\t\t\t<h2 class=\"elementor-heading-title elementor-size-default\">Blitzz Industriebedarf \u2013 Werkstattbedarf &amp; mehr<\/h2>\t\t\t\t<\/div>\n\t\t\t\t<\/div>\n\t\t\t\t<\/div>\n\t\t\t\t<\/div>\n\t\t<div class=\"elementor-element elementor-element-fd40e23 e-con-full e-flex elementor-invisible e-con e-parent\" data-id=\"fd40e23\" data-element_type=\"container\" data-e-type=\"container\" data-settings=\"{&quot;animation&quot;:&quot;fadeIn&quot;}\">\n\t\t<div class=\"elementor-element elementor-element-5cf7725 e-con-full e-flex e-con e-child\" data-id=\"5cf7725\" data-element_type=\"container\" data-e-type=\"container\" data-settings=\"{&quot;background_background&quot;:&quot;classic&quot;}\">\n\t\t\t\t<div class=\"elementor-element elementor-element-c531ae7 elementor-widget elementor-widget-heading\" data-id=\"c531ae7\" data-element_type=\"widget\" data-e-type=\"widget\" data-widget_type=\"heading.default\">\n\t\t\t\t<div class=\"elementor-widget-container\">\n\t\t\t\t\t<h2 class=\"elementor-heading-title elementor-size-default\">WAS K\u00d6NNEN WIR F\u00dcR SIE TUN?<\/h2>\t\t\t\t<\/div>\n\t\t\t\t<\/div>\n\t\t\t\t<\/div>\n\t\t<div class=\"elementor-element elementor-element-43aef6e e-con-full elementor-hidden-mobile e-flex e-con e-child\" data-id=\"43aef6e\" data-element_type=\"container\" data-e-type=\"container\" data-settings=\"{&quot;background_background&quot;:&quot;classic&quot;}\">\n\t\t\t\t<\/div>\n\t\t\t\t<\/div>\n\t\t<div class=\"elementor-element elementor-element-48e7d36 e-con-full e-flex elementor-invisible e-con e-parent\" data-id=\"48e7d36\" data-element_type=\"container\" data-e-type=\"container\" data-settings=\"{&quot;animation&quot;:&quot;fadeIn&quot;}\">\n\t\t<div class=\"elementor-element elementor-element-cd572d7 e-con-full e-flex e-con e-child\" data-id=\"cd572d7\" data-element_type=\"container\" data-e-type=\"container\" data-settings=\"{&quot;background_background&quot;:&quot;classic&quot;}\">\n\t\t\t\t<\/div>\n\t\t<div class=\"elementor-element elementor-element-f30d196 e-con-full e-flex e-con e-child\" data-id=\"f30d196\" data-element_type=\"container\" data-e-type=\"container\" data-settings=\"{&quot;background_background&quot;:&quot;classic&quot;}\">\n\t\t\t\t<div class=\"elementor-element elementor-element-33e26ac elementor-widget elementor-widget-heading\" data-id=\"33e26ac\" data-element_type=\"widget\" data-e-type=\"widget\" data-widget_type=\"heading.default\">\n\t\t\t\t<div class=\"elementor-widget-container\">\n\t\t\t\t\t<h2 class=\"elementor-heading-title elementor-size-default\">UNSERE LEISTUNGEN<\/h2>\t\t\t\t<\/div>\n\t\t\t\t<\/div>\n\t\t\t\t<div class=\"elementor-element elementor-element-74e392b elementor-widget elementor-widget-toggle\" data-id=\"74e392b\" data-element_type=\"widget\" data-e-type=\"widget\" data-widget_type=\"toggle.default\">\n\t\t\t\t<div class=\"elementor-widget-container\">\n\t\t\t\t\t\t\t<div class=\"elementor-toggle\">\n\t\t\t\t\t\t\t<div class=\"elementor-toggle-item\">\n\t\t\t\t\t<div id=\"elementor-tab-title-1221\" class=\"elementor-tab-title\" data-tab=\"1\" role=\"button\" aria-controls=\"elementor-tab-content-1221\" aria-expanded=\"false\">\n\t\t\t\t\t\t\t\t\t\t\t\t<span class=\"elementor-toggle-icon elementor-toggle-icon-left\" aria-hidden=\"true\">\n\t\t\t\t\t\t\t\t\t\t\t\t\t\t\t<span class=\"elementor-toggle-icon-closed\"><svg class=\"e-font-icon-svg e-fas-caret-right\" viewBox=\"0 0 192 512\" xmlns=\"http:\/\/www.w3.org\/2000\/svg\"><path d=\"M0 384.662V127.338c0-17.818 21.543-26.741 34.142-14.142l128.662 128.662c7.81 7.81 7.81 20.474 0 28.284L34.142 398.804C21.543 411.404 0 402.48 0 384.662z\"><\/path><\/svg><\/span>\n\t\t\t\t\t\t\t\t<span class=\"elementor-toggle-icon-opened\"><svg class=\"elementor-toggle-icon-opened e-font-icon-svg e-fas-caret-up\" viewBox=\"0 0 320 512\" xmlns=\"http:\/\/www.w3.org\/2000\/svg\"><path d=\"M288.662 352H31.338c-17.818 0-26.741-21.543-14.142-34.142l128.662-128.662c7.81-7.81 20.474-7.81 28.284 0l128.662 128.662c12.6 12.599 3.676 34.142-14.142 34.142z\"><\/path><\/svg><\/span>\n\t\t\t\t\t\t\t\t\t\t\t\t\t<\/span>\n\t\t\t\t\t\t\t\t\t\t\t\t<a class=\"elementor-toggle-title\" tabindex=\"0\">Ansehen<\/a>\n\t\t\t\t\t<\/div>\n\n\t\t\t\t\t<div id=\"elementor-tab-content-1221\" class=\"elementor-tab-content elementor-clearfix\" data-tab=\"1\" role=\"region\" aria-labelledby=\"elementor-tab-title-1221\"><p><strong>Reparaturen von Elektrowerkzeugen und Maschinen<\/strong><br \/>Unsere Service-Techniker reparieren erfolgreich elektromechanische Ger\u00e4te aller namhaften Hersteller. Hierzu z\u00e4hlen:<\/p><p>AEG \u2013 MILWAUKEE<br \/>BOSCH \u2013 POWER TOOLS<br \/>DEWALT<br \/>FEIN<br \/>FESTOOL<br \/>FLEX \u2013 POWER TOOLS<br \/>MAKITA<br \/>PROTOOL<br \/>REMS<br \/>ROTHENBERGER<br \/>STIHL<br \/>TRUMPF<br \/>WOLF GARTENGER\u00c4TE<br \/>Weitere Hersteller auf Anfrage! Gerne erwarten wir Ihre Mitteilung.<\/p><p><strong>Werkstattbedarf<\/strong><br \/>Das Sortiment an Werkzeugen und Werkstattbedarf zeichnet sich nicht nur durch erstklassige Profiqualit\u00e4t aus, sondern auch durch eine hohe Verf\u00fcgbarkeit. Gerne \u00fcbersenden wir Ihnen ein Angebot.<\/p><p><strong>Ein Auszug aus unserem Programm:<\/strong><\/p><p>Druckluftwerkzeuge (Von Blechknabber bis Schleifmaschine)<br \/>Elektrowerkzeuge (Von Blechschere bis Winkelbohrschrauber)<br \/>Handwerkzeuge (Von Ausdreher bis Zange)<br \/>Spezialwerkzeuge Elektrik (Von Lampe bis Kabel, Kabeltrommel)<br \/>DIN Befestigungsteile<br \/>Diverse wiederkehrende Pr\u00fcfungen nach DGUV Vorschrift 3<br \/>Gerne \u00fcbernehmen wir f\u00fcr Sie Ihre wiederkehrenden Pr\u00fcfungen Ihrer elektrischen Anlagen und Betriebsmittel, gem\u00e4\u00df DGUV Vorschrift Nummer 3. Gerne unterbreiten wir Ihnen ein Angebot.<\/p><p><strong>Pr\u00fcfungen von Leitern und Tritten<\/strong><\/p><\/div>\n\t\t\t\t<\/div>\n\t\t\t\t\t\t\t\t\t\t<script type=\"application\/ld+json\">{\"@context\":\"https:\\\/\\\/schema.org\",\"@type\":\"FAQPage\",\"mainEntity\":[{\"@type\":\"Question\",\"name\":\"Ansehen\",\"acceptedAnswer\":{\"@type\":\"Answer\",\"text\":\"<p><strong>Reparaturen von Elektrowerkzeugen und Maschinen<\\\/strong><br \\\/>Unsere Service-Techniker reparieren erfolgreich elektromechanische Ger\\u00e4te aller namhaften Hersteller. Hierzu z\\u00e4hlen:<\\\/p><p>AEG \\u2013 MILWAUKEE<br \\\/>BOSCH \\u2013 POWER TOOLS<br \\\/>DEWALT<br \\\/>FEIN<br \\\/>FESTOOL<br \\\/>FLEX \\u2013 POWER TOOLS<br \\\/>MAKITA<br \\\/>PROTOOL<br \\\/>REMS<br \\\/>ROTHENBERGER<br \\\/>STIHL<br \\\/>TRUMPF<br \\\/>WOLF GARTENGER\\u00c4TE<br \\\/>Weitere Hersteller auf Anfrage! Gerne erwarten wir Ihre Mitteilung.<\\\/p><p><strong>Werkstattbedarf<\\\/strong><br \\\/>Das Sortiment an Werkzeugen und Werkstattbedarf zeichnet sich nicht nur durch erstklassige Profiqualit\\u00e4t aus, sondern auch durch eine hohe Verf\\u00fcgbarkeit. Gerne \\u00fcbersenden wir Ihnen ein Angebot.<\\\/p><p><strong>Ein Auszug aus unserem Programm:<\\\/strong><\\\/p><p>Druckluftwerkzeuge (Von Blechknabber bis Schleifmaschine)<br \\\/>Elektrowerkzeuge (Von Blechschere bis Winkelbohrschrauber)<br \\\/>Handwerkzeuge (Von Ausdreher bis Zange)<br \\\/>Spezialwerkzeuge Elektrik (Von Lampe bis Kabel, Kabeltrommel)<br \\\/>DIN Befestigungsteile<br \\\/>Diverse wiederkehrende Pr\\u00fcfungen nach DGUV Vorschrift 3<br \\\/>Gerne \\u00fcbernehmen wir f\\u00fcr Sie Ihre wiederkehrenden Pr\\u00fcfungen Ihrer elektrischen Anlagen und Betriebsmittel, gem\\u00e4\\u00df DGUV Vorschrift Nummer 3. Gerne unterbreiten wir Ihnen ein Angebot.<\\\/p><p><strong>Pr\\u00fcfungen von Leitern und Tritten<\\\/strong><\\\/p>\"}}]}<\/script>\n\t\t\t\t\t<\/div>\n\t\t\t\t\t\t<\/div>\n\t\t\t\t<\/div>\n\t\t\t\t<\/div>\n\t\t\t\t<\/div>\n\t\t<div class=\"elementor-element elementor-element-56c5d3b e-con-full e-flex elementor-invisible e-con e-parent\" data-id=\"56c5d3b\" data-element_type=\"container\" data-e-type=\"container\" data-settings=\"{&quot;animation&quot;:&quot;fadeIn&quot;}\">\n\t\t<div class=\"elementor-element elementor-element-49888f2 e-con-full e-flex e-con e-child\" data-id=\"49888f2\" data-element_type=\"container\" data-e-type=\"container\" data-settings=\"{&quot;background_background&quot;:&quot;classic&quot;}\">\n\t\t\t\t<div class=\"elementor-element elementor-element-5dac3fc elementor-widget elementor-widget-heading\" data-id=\"5dac3fc\" data-element_type=\"widget\" data-e-type=\"widget\" data-widget_type=\"heading.default\">\n\t\t\t\t<div class=\"elementor-widget-container\">\n\t\t\t\t\t<h2 class=\"elementor-heading-title elementor-size-default\">IHR ANLIEGEN IST BEI UNS IN DEN BESTEN H\u00c4NDEN!<\/h2>\t\t\t\t<\/div>\n\t\t\t\t<\/div>\n\t\t\t\t<\/div>\n\t\t<div class=\"elementor-element elementor-element-73dbc33 e-con-full elementor-hidden-mobile e-flex e-con e-child\" data-id=\"73dbc33\" data-element_type=\"container\" data-e-type=\"container\" data-settings=\"{&quot;background_background&quot;:&quot;classic&quot;}\">\n\t\t\t\t<\/div>\n\t\t\t\t<\/div>\n\t\t<div class=\"elementor-element elementor-element-c2b4887 e-con-full e-flex elementor-invisible e-con e-parent\" data-id=\"c2b4887\" data-element_type=\"container\" data-e-type=\"container\" data-settings=\"{&quot;animation&quot;:&quot;fadeIn&quot;,&quot;background_background&quot;:&quot;classic&quot;}\">\n\t\t<div class=\"elementor-element elementor-element-1d05327 e-con-full e-flex e-con e-child\" data-id=\"1d05327\" data-element_type=\"container\" data-e-type=\"container\" data-settings=\"{&quot;background_background&quot;:&quot;slideshow&quot;,&quot;background_slideshow_gallery&quot;:[{&quot;id&quot;:403,&quot;url&quot;:&quot;https:\\\/\\\/blitzz-industriebedarf.de\\\/wp-content\\\/uploads\\\/2024\\\/02\\\/Carsten.webp&quot;},{&quot;id&quot;:64,&quot;url&quot;:&quot;https:\\\/\\\/blitzz-industriebedarf.de\\\/wp-content\\\/uploads\\\/2023\\\/11\\\/LUKASZ.webp&quot;}],&quot;background_slideshow_loop&quot;:&quot;yes&quot;,&quot;background_slideshow_slide_duration&quot;:5000,&quot;background_slideshow_slide_transition&quot;:&quot;fade&quot;,&quot;background_slideshow_transition_duration&quot;:500}\">\n\t\t\t\t<\/div>\n\t\t<div class=\"elementor-element elementor-element-ce00301 e-con-full e-flex e-con e-child\" data-id=\"ce00301\" data-element_type=\"container\" data-e-type=\"container\" data-settings=\"{&quot;background_background&quot;:&quot;classic&quot;}\">\n\t\t\t\t<div class=\"elementor-element elementor-element-4ad8112 elementor-widget elementor-widget-heading\" data-id=\"4ad8112\" data-element_type=\"widget\" data-e-type=\"widget\" data-widget_type=\"heading.default\">\n\t\t\t\t<div class=\"elementor-widget-container\">\n\t\t\t\t\t<h2 class=\"elementor-heading-title elementor-size-default\">KONTAKT<\/h2>\t\t\t\t<\/div>\n\t\t\t\t<\/div>\n\t\t\t\t<div class=\"elementor-element elementor-element-694b35f elementor-widget elementor-widget-toggle\" data-id=\"694b35f\" data-element_type=\"widget\" data-e-type=\"widget\" data-widget_type=\"toggle.default\">\n\t\t\t\t<div class=\"elementor-widget-container\">\n\t\t\t\t\t\t\t<div class=\"elementor-toggle\">\n\t\t\t\t\t\t\t<div class=\"elementor-toggle-item\">\n\t\t\t\t\t<div id=\"elementor-tab-title-1101\" class=\"elementor-tab-title\" data-tab=\"1\" role=\"button\" aria-controls=\"elementor-tab-content-1101\" aria-expanded=\"false\">\n\t\t\t\t\t\t\t\t\t\t\t\t<span class=\"elementor-toggle-icon elementor-toggle-icon-left\" aria-hidden=\"true\">\n\t\t\t\t\t\t\t\t\t\t\t\t\t\t\t<span class=\"elementor-toggle-icon-closed\"><svg class=\"e-font-icon-svg e-fas-caret-right\" viewBox=\"0 0 192 512\" xmlns=\"http:\/\/www.w3.org\/2000\/svg\"><path d=\"M0 384.662V127.338c0-17.818 21.543-26.741 34.142-14.142l128.662 128.662c7.81 7.81 7.81 20.474 0 28.284L34.142 398.804C21.543 411.404 0 402.48 0 384.662z\"><\/path><\/svg><\/span>\n\t\t\t\t\t\t\t\t<span class=\"elementor-toggle-icon-opened\"><svg class=\"elementor-toggle-icon-opened e-font-icon-svg e-fas-caret-up\" viewBox=\"0 0 320 512\" xmlns=\"http:\/\/www.w3.org\/2000\/svg\"><path d=\"M288.662 352H31.338c-17.818 0-26.741-21.543-14.142-34.142l128.662-128.662c7.81-7.81 20.474-7.81 28.284 0l128.662 128.662c12.6 12.599 3.676 34.142-14.142 34.142z\"><\/path><\/svg><\/span>\n\t\t\t\t\t\t\t\t\t\t\t\t\t<\/span>\n\t\t\t\t\t\t\t\t\t\t\t\t<a class=\"elementor-toggle-title\" tabindex=\"0\">So erreichen Sie uns!<\/a>\n\t\t\t\t\t<\/div>\n\n\t\t\t\t\t<div id=\"elementor-tab-content-1101\" class=\"elementor-tab-content elementor-clearfix\" data-tab=\"1\" role=\"region\" aria-labelledby=\"elementor-tab-title-1101\"><p>Ansprechpartner:<\/p><p>Carsten Budde<\/p><p>Position: Gesch\u00e4ftsf\u00fchrer<br \/>Telefon: 0541 \u2013 75099975<br \/>E-Mail: info@blitzz-industriebedarf.de<br \/>Lukasz Chabowski<\/p><p>Position: Gesch\u00e4ftsf\u00fchrer<br \/>Telefon: 0541\/75099975<br \/>E-Mail: info@blitzz-industriebedarf.de<br \/>Torsten Lahmann<\/p><p>Zust\u00e4ndigkeit: Diverse Pr\u00fcfungen und Au\u00dfendienst<br \/>Telefon: 0170 \u2013 4581252<br \/>E-Mail: t.lahmann@blitzz-industriebedarf.de<br \/>Standort &amp; Kontakt:<\/p><p>Firmenname: Blitzz Industriebedarf &amp; Service GmbH<br \/>Adresse: Heinrich-Hasemeier-Stra\u00dfe 10, 49076 Osnabr\u00fcck<br \/>Telefon: 0541 750 999 75<br \/>E-Mail: info@blitzz-industriebedarf.de<\/p><\/div>\n\t\t\t\t<\/div>\n\t\t\t\t\t\t\t\t\t\t<script type=\"application\/ld+json\">{\"@context\":\"https:\\\/\\\/schema.org\",\"@type\":\"FAQPage\",\"mainEntity\":[{\"@type\":\"Question\",\"name\":\"So erreichen Sie uns!\",\"acceptedAnswer\":{\"@type\":\"Answer\",\"text\":\"<p>Ansprechpartner:<\\\/p><p>Carsten Budde<\\\/p><p>Position: Gesch\\u00e4ftsf\\u00fchrer<br \\\/>Telefon: 0541 \\u2013 75099975<br \\\/>E-Mail: info@blitzz-industriebedarf.de<br \\\/>Lukasz Chabowski<\\\/p><p>Position: Gesch\\u00e4ftsf\\u00fchrer<br \\\/>Telefon: 0541\\\/75099975<br \\\/>E-Mail: info@blitzz-industriebedarf.de<br \\\/>Torsten Lahmann<\\\/p><p>Zust\\u00e4ndigkeit: Diverse Pr\\u00fcfungen und Au\\u00dfendienst<br \\\/>Telefon: 0170 \\u2013 4581252<br \\\/>E-Mail: t.lahmann@blitzz-industriebedarf.de<br \\\/>Standort &amp; Kontakt:<\\\/p><p>Firmenname: Blitzz Industriebedarf &amp; Service GmbH<br \\\/>Adresse: Heinrich-Hasemeier-Stra\\u00dfe 10, 49076 Osnabr\\u00fcck<br \\\/>Telefon: 0541 750 999 75<br \\\/>E-Mail: info@blitzz-industriebedarf.de<\\\/p>\"}}]}<\/script>\n\t\t\t\t\t<\/div>\n\t\t\t\t\t\t<\/div>\n\t\t\t\t<\/div>\n\t\t\t\t<\/div>\n\t\t\t\t<\/div>\n\t\t<div class=\"elementor-element elementor-element-694adf5 e-flex e-con-boxed elementor-invisible e-con e-parent\" data-id=\"694adf5\" data-element_type=\"container\" data-e-type=\"container\" data-settings=\"{&quot;background_background&quot;:&quot;classic&quot;,&quot;animation&quot;:&quot;fadeIn&quot;}\">\n\t\t\t\t\t<div class=\"e-con-inner\">\n\t\t\t\t<div class=\"elementor-element elementor-element-366a1cd elementor-widget elementor-widget-image\" data-id=\"366a1cd\" data-element_type=\"widget\" data-e-type=\"widget\" data-widget_type=\"image.default\">\n\t\t\t\t<div class=\"elementor-widget-container\">\n\t\t\t\t\t\t\t\t\t\t\t\t\t\t\t<img decoding=\"async\" width=\"263\" height=\"77\" src=\"https:\/\/blitzz-industriebedarf.de\/wp-content\/uploads\/2023\/11\/Made-in-Germany-Logo.jpg\" class=\"attachment-full size-full wp-image-250\" alt=\"\" \/>\t\t\t\t\t\t\t\t\t\t\t\t\t\t\t<\/div>\n\t\t\t\t<\/div>\n\t\t\t\t<div class=\"elementor-element elementor-element-ace155b elementor-widget elementor-widget-heading\" data-id=\"ace155b\" data-element_type=\"widget\" data-e-type=\"widget\" data-widget_type=\"heading.default\">\n\t\t\t\t<div class=\"elementor-widget-container\">\n\t\t\t\t\t<h2 class=\"elementor-heading-title elementor-size-default\">BLITZZ INDUSTRIEBEDARF &amp; SERVICE GmbH<\/h2>\t\t\t\t<\/div>\n\t\t\t\t<\/div>\n\t\t\t\t<div class=\"elementor-element elementor-element-9ae3bbf elementor-widget elementor-widget-heading\" data-id=\"9ae3bbf\" data-element_type=\"widget\" data-e-type=\"widget\" data-widget_type=\"heading.default\">\n\t\t\t\t<div class=\"elementor-widget-container\">\n\t\t\t\t\t<h2 class=\"elementor-heading-title elementor-size-default\">Heinrich-Hasemeier-Stra\u00dfe 10, 49076 Osnabr\u00fcck |  +49 541 200 588 80  | mail@blitzz-industriebedarf.de<\/h2>\t\t\t\t<\/div>\n\t\t\t\t<\/div>\n\t\t\t\t\t<\/div>\n\t\t\t\t<\/div>\n\t\t<div class=\"elementor-element elementor-element-064ed95 e-flex e-con-boxed elementor-invisible e-con e-parent\" data-id=\"064ed95\" data-element_type=\"container\" data-e-type=\"container\" data-settings=\"{&quot;animation&quot;:&quot;fadeIn&quot;}\">\n\t\t\t\t\t<div class=\"e-con-inner\">\n\t\t<div class=\"elementor-element elementor-element-23719a3 e-con-full e-flex e-con e-child\" data-id=\"23719a3\" data-element_type=\"container\" data-e-type=\"container\">\n\t\t\t\t<div class=\"elementor-element elementor-element-06387f5 elementor-widget elementor-widget-heading\" data-id=\"06387f5\" data-element_type=\"widget\" data-e-type=\"widget\" data-widget_type=\"heading.default\">\n\t\t\t\t<div class=\"elementor-widget-container\">\n\t\t\t\t\t<h2 class=\"elementor-heading-title elementor-size-default\"><a href=\"https:\/\/blitzz-industriebedarf.de\/?page_id=15\">Impressum<\/a><\/h2>\t\t\t\t<\/div>\n\t\t\t\t<\/div>\n\t\t\t\t<\/div>\n\t\t<div class=\"elementor-element elementor-element-79b2ce5 e-con-full e-flex e-con e-child\" data-id=\"79b2ce5\" data-element_type=\"container\" data-e-type=\"container\">\n\t\t\t\t<div class=\"elementor-element elementor-element-912e2ef elementor-widget elementor-widget-heading\" data-id=\"912e2ef\" data-element_type=\"widget\" data-e-type=\"widget\" data-widget_type=\"heading.default\">\n\t\t\t\t<div class=\"elementor-widget-container\">\n\t\t\t\t\t<h2 class=\"elementor-heading-title elementor-size-default\"><a href=\"https:\/\/blitzz-industriebedarf.de\/?page_id=17\">Datenschutz<\/a><\/h2>\t\t\t\t<\/div>\n\t\t\t\t<\/div>\n\t\t\t\t<\/div>\n\t\t\t\t\t<\/div>\n\t\t\t\t<\/div>\n\t\t\t\t<\/div>\n\t\t","protected":false},"excerpt":{"rendered":"<p>Blitzz Industriebedarf \u2013 Werkstattbedarf &#038; mehr WAS K\u00d6NNEN WIR F\u00dcR SIE TUN? UNSERE LEISTUNGEN Ansehen Reparaturen von Elektrowerkzeugen und MaschinenUnsere Service-Techniker reparieren erfolgreich elektromechanische Ger\u00e4te aller namhaften Hersteller. Hierzu z\u00e4hlen: AEG \u2013 MILWAUKEEBOSCH \u2013 POWER TOOLSDEWALTFEINFESTOOLFLEX \u2013 POWER TOOLSMAKITAPROTOOLREMSROTHENBERGERSTIHLTRUMPFWOLF GARTENGER\u00c4TEWeitere Hersteller auf Anfrage! Gerne erwarten wir Ihre Mitteilung. WerkstattbedarfDas Sortiment an Werkzeugen und Werkstattbedarf zeichnet [&hellip;]<\/p>\n","protected":false},"author":1,"featured_media":0,"parent":0,"menu_order":0,"comment_status":"closed","ping_status":"closed","template":"elementor_header_footer","meta":{"footnotes":""},"class_list":["post-11","page","type-page","status-publish","hentry"],"_links":{"self":[{"href":"https:\/\/blitzz-industriebedarf.de\/index.php?rest_route=\/wp\/v2\/pages\/11","targetHints":{"allow":["GET"]}}],"collection":[{"href":"https:\/\/blitzz-industriebedarf.de\/index.php?rest_route=\/wp\/v2\/pages"}],"about":[{"href":"https:\/\/blitzz-industriebedarf.de\/index.php?rest_route=\/wp\/v2\/types\/page"}],"author":[{"embeddable":true,"href":"https:\/\/blitzz-industriebedarf.de\/index.php?rest_route=\/wp\/v2\/users\/1"}],"replies":[{"embeddable":true,"href":"https:\/\/blitzz-industriebedarf.de\/index.php?rest_route=%2Fwp%2Fv2%2Fcomments&post=11"}],"version-history":[{"count":283,"href":"https:\/\/blitzz-industriebedarf.de\/index.php?rest_route=\/wp\/v2\/pages\/11\/revisions"}],"predecessor-version":[{"id":406,"href":"https:\/\/blitzz-industriebedarf.de\/index.php?rest_route=\/wp\/v2\/pages\/11\/revisions\/406"}],"wp:attachment":[{"href":"https:\/\/blitzz-industriebedarf.de\/index.php?rest_route=%2Fwp%2Fv2%2Fmedia&parent=11"}],"curies":[{"name":"wp","href":"https:\/\/api.w.org\/{rel}","templated":true}]}}